{"id":960,"date":"2018-05-24T15:03:11","date_gmt":"2018-05-24T13:03:11","guid":{"rendered":"http:\/\/ott.tu.kielce.pl\/?page_id=960"},"modified":"2026-02-17T11:54:28","modified_gmt":"2026-02-17T10:54:28","slug":"dokumenty","status":"publish","type":"page","link":"https:\/\/ott.tu.kielce.pl\/?page_id=960","title":{"rendered":"Dokumenty"},"content":{"rendered":"<h3 style=\"text-align: left;\"><strong>Dokumenty zwi\u0105zane z realizacj\u0105 zlece\u0144<\/strong><\/h3>\n<p style=\"padding-left: 30px;\"><a href=\"https:\/\/ott.tu.kielce.pl\/wp-content\/uploads\/2026\/02\/Zlecenie-pracy-BR-nowy.docx\">Zlecenie pracy B+R<\/a><\/p>\n<p style=\"padding-left: 30px;\"><a href=\"https:\/\/ott.tu.kielce.pl\/wp-content\/uploads\/2025\/01\/umowa-praca-BR-2025-w-etapach-.docx\" rel=\"attachment wp-att-2508\">umowa-o-wykonanie-pracy-BR w etapach<\/a><\/p>\n<p style=\"padding-left: 30px;\"><a href=\"https:\/\/ott.tu.kielce.pl\/wp-content\/uploads\/2025\/01\/umowa-praca-BR-2025-bez-etapow-.docx\">umowa o wykonanie pracy BR bez etap\u00f3w<\/a><\/p>\n<p style=\"padding-left: 30px;\"><a href=\"https:\/\/ott.tu.kielce.pl\/wp-content\/uploads\/2024\/05\/Kalkulacja-ceny-2024-1.xlsx\">kalkulacja ceny<\/a><\/p>\n<p style=\"padding-left: 30px;\"><a href=\"https:\/\/ott.tu.kielce.pl\/wp-content\/uploads\/2025\/01\/Protokol-zdawczo-odbiorczy-wzor.docx\" rel=\"attachment wp-att-2368\">protok\u00f3\u0142 zdawczo &#8211; odbiorczy<\/a><\/p>\n<p style=\"padding-left: 30px;\"><a href=\"https:\/\/ott.tu.kielce.pl\/wp-content\/uploads\/2023\/07\/przypis-do-wystawienia-FV-Prace-zlecone-nowy-wzor.docx\" rel=\"attachment wp-att-2369\">Przypis-do-wystawienia-faktury-VAT<\/a><\/p>\n<p style=\"padding-left: 30px;\"><a href=\"https:\/\/ott.tu.kielce.pl\/wp-content\/uploads\/2019\/01\/o\u015bwiaczenie-o-odpowiedzialno\u015bci-2.doc\">O\u015bwiadczenie dot. wykorzystania infrastruktury zakupionej ze \u015brodk\u00f3w UE<\/a><\/p>\n<p style=\"padding-left: 30px;\"><a href=\"https:\/\/ott.tu.kielce.pl\/dokumenty\/informacja-o-zawarciu-umowy-o-dzielo_wzor-zgloszenia-dla-obcych\/\" rel=\"attachment wp-att-2366\">Informacja o zawarciu umowy o dzie\u0142o_wz\u00f3r zg\u0142oszenia NIE DLA PRACOWNIK\u00d3W POLITECHNIKI<\/a><\/p>\n<p style=\"padding-left: 30px;\"><a href=\"https:\/\/ott.tu.kielce.pl\/dokumenty\/umowa-zlecenie-2\/\" rel=\"attachment wp-att-2373\">Umowa-zlecenie<\/a><\/p>\n<p style=\"padding-left: 30px;\"><a href=\"https:\/\/ott.tu.kielce.pl\/wp-content\/uploads\/2023\/09\/umowa-o-dzielo-2023.docx\">umowa-o-dzie\u0142o<\/a><\/p>\n<h3>Zarz\u0105dzenia dotycz\u0105ce zasad i trybu realizacji prac zleconych<\/h3>\n<p style=\"padding-left: 30px;\"><a href=\"https:\/\/ott.tu.kielce.pl\/wp-content\/uploads\/2018\/03\/Zarz_R_5_17_tekst-jednolity.pdf\">Zarz\u0105dzenie rektora nr 5\/17<\/a><\/p>\n<p style=\"padding-left: 30px;\"><a href=\"https:\/\/ott.tu.kielce.pl\/wp-content\/uploads\/2019\/01\/Zarz_R_1_19.pdf\">Zarz\u0105dzenie Rektora nr 1\/19<\/a><\/p>\n<p style=\"padding-left: 30px;\"><a href=\"https:\/\/ott.tu.kielce.pl\/wp-content\/uploads\/2018\/03\/Zarz_R_54_17_w-sprawie-ustalenia-wska\u017anik\u00f3w-koszt\u00f3w-po\u015brednich.pdf\">Zarz\u0105dzenie Rektora nr 9\/17<\/a><\/p>\n<p style=\"padding-left: 30px;\"><a href=\"https:\/\/ott.tu.kielce.pl\/wp-content\/uploads\/2018\/03\/Zarz_R_8_17_w-sprawie-wzor\u00f3w-um\u00f3-zawieranych-w-ramach-prac-naukowo-badawczych.pdf\">Zarz\u0105dzenie Rektora nr 8\/17\u00a0\u00a0<\/a><\/p>\n<p>\u00a0 \u00a0 \u00a0 <a href=\"https:\/\/ott.tu.kielce.pl\/dokumenty\/zarzadzenie-rektora-136_20\/\" rel=\"attachment wp-att-2374\">Zarz\u0105dzenie Rektora nr 136\/20<\/a><\/p>\n<p style=\"padding-left: 30px;\"><a href=\"https:\/\/ott.tu.kielce.pl\/dokumenty\/zarz_r_135_21\/\" rel=\"attachment wp-att-2775\">Zarz\u0105dzenie Rektora nr 135\/21<\/a><\/p>\n<h3>RODO<\/h3>\n<p style=\"padding-left: 30px;\"><a href=\"https:\/\/ott.tu.kielce.pl\/wp-content\/uploads\/2018\/07\/Obowi\u0105zek-informacyjny-_RODO-1.docx\">Obowi\u0105zek informacyjny RODO<\/a><\/p>\n<p style=\"padding-left: 30px;\"><a href=\"https:\/\/ott.tu.kielce.pl\/wp-content\/uploads\/2025\/11\/Oswiadczenie-RODO_OTT.docx\" rel=\"attachment wp-att-2172\">O\u015bwiadczenie-RODO_OTT<\/a><\/p>\n<p style=\"padding-left: 30px;\"><a href=\"https:\/\/ott.tu.kielce.pl\/wp-content\/uploads\/2025\/11\/Klauzula-informacyjna-RODO-dla-Kontrahenta.docx\" rel=\"attachment wp-att-3100\">Klauzula informacyjna RODO dla Kontrahenta<\/a><\/p>\n","protected":false},"excerpt":{"rendered":"<p>Dokumenty zwi\u0105zane z realizacj\u0105 zlece\u0144 Zlecenie pracy B+R umowa-o-wykonanie-pracy-BR w etapach umowa o wykonanie pracy BR bez etap\u00f3w kalkulacja ceny protok\u00f3\u0142 zdawczo &#8211; odbiorczy Przypis-do-wystawienia-faktury-VAT O\u015bwiadczenie dot. wykorzystania infrastruktury zakupionej ze \u015brodk\u00f3w UE Informacja o zawarciu umowy o dzie\u0142o_wz\u00f3r zg\u0142oszenia NIE DLA PRACOWNIK\u00d3W POLITECHNIKI Umowa-zlecenie umowa-o-dzie\u0142o Zarz\u0105dzenia dotycz\u0105ce zasad i trybu realizacji prac zleconych Zarz\u0105dzenie&hellip; <br \/> <a class=\"read-more\" href=\"https:\/\/ott.tu.kielce.pl\/?page_id=960\">Dowiedz si\u0119 wi\u0119cej<\/a><\/p>\n","protected":false},"author":1,"featured_media":0,"parent":0,"menu_order":0,"comment_status":"closed","ping_status":"closed","template":"","meta":{"footnotes":""},"class_list":["post-960","page","type-page","status-publish","hentry"],"_links":{"self":[{"href":"https:\/\/ott.tu.kielce.pl\/index.php?rest_route=\/wp\/v2\/pages\/960","targetHints":{"allow":["GET"]}}],"collection":[{"href":"https:\/\/ott.tu.kielce.pl\/index.php?rest_route=\/wp\/v2\/pages"}],"about":[{"href":"https:\/\/ott.tu.kielce.pl\/index.php?rest_route=\/wp\/v2\/types\/page"}],"author":[{"embeddable":true,"href":"https:\/\/ott.tu.kielce.pl\/index.php?rest_route=\/wp\/v2\/users\/1"}],"replies":[{"embeddable":true,"href":"https:\/\/ott.tu.kielce.pl\/index.php?rest_route=%2Fwp%2Fv2%2Fcomments&post=960"}],"version-history":[{"count":62,"href":"https:\/\/ott.tu.kielce.pl\/index.php?rest_route=\/wp\/v2\/pages\/960\/revisions"}],"predecessor-version":[{"id":3547,"href":"https:\/\/ott.tu.kielce.pl\/index.php?rest_route=\/wp\/v2\/pages\/960\/revisions\/3547"}],"wp:attachment":[{"href":"https:\/\/ott.tu.kielce.pl\/index.php?rest_route=%2Fwp%2Fv2%2Fmedia&parent=960"}],"curies":[{"name":"wp","href":"https:\/\/api.w.org\/{rel}","templated":true}]}}