{"id":1901,"date":"2019-11-14T07:34:29","date_gmt":"2019-11-14T06:34:29","guid":{"rendered":"http:\/\/ott.tu.kielce.pl\/?page_id=1901"},"modified":"2024-07-23T15:53:48","modified_gmt":"2024-07-23T13:53:48","slug":"projekty-zrealizowane","status":"publish","type":"page","link":"https:\/\/ott.tu.kielce.pl\/?page_id=1901","title":{"rendered":"Projekty zrealizowane"},"content":{"rendered":"<p>&nbsp;<\/p>\n<h3 style=\"text-align: center;\">INKUBATOR INNOWACYJNO\u015aCI 4.0<\/h3>\n<ul>\n<li><strong>O PROJEKCIE<\/strong><\/li>\n<\/ul>\n<p>Projekt w ramach Programu Ministra Nauki i Szkolnictwa Wy\u017cszego \u201eInkubator Innowacyjno\u015bci 4.0\u201d realizowany jest przez O\u015brodek Transferu Technologii Politechniki \u015awi\u0119tokrzyskiej we wsp\u00f3\u0142pracy z Uniwersyteckim O\u015brodkiem Transferu Technologii Uniwersytetu Warszawskiego, sp\u00f3\u0142k\u0105 celow\u0105 UW.<\/p>\n<p>&nbsp;<\/p>\n<ul>\n<li><strong>LIDER PROJEKTU<\/strong><\/li>\n<\/ul>\n<p>Liderem projektu realizowanego w ramach konsorcjum jest Uniwersytet Warszawski.<br \/>\nWi\u0119cej informacji na stronie lidera:<a href=\"http:\/\/uott.uw.edu.pl\/inkubator-innowacyjnosci-4-0\/\">\u00a0http:\/\/www.uott.uw.edu.pl\/informacje-o-projekcie\/\/<\/a><\/p>\n<p>&nbsp;<\/p>\n<ul>\n<li><strong>CEL PROJEKTU<\/strong><\/li>\n<\/ul>\n<p>Celem projektu jest wsparcie procesu zarz\u0105dzania wynikami bada\u0144 naukowych i prac rozwojowych, w szczeg\u00f3lno\u015bci w zakresie komercjalizacji. Realizacja przedsi\u0119wzi\u0119cia przyczyni si\u0119 do promocji osi\u0105gni\u0119\u0107 naukowych, zwi\u0119kszenia ich wp\u0142ywu na rozw\u00f3j innowacyjno\u015bci oraz wzmocnienia wsp\u00f3\u0142pracy mi\u0119dzy \u015brodowiskiem naukowym a otoczeniem gospodarczym.<\/p>\n<p>&nbsp;<\/p>\n<ul>\n<li><strong>OKRES REALIZACJI<\/strong><\/li>\n<\/ul>\n<p>Projekt realizowany jest od 1 lipca 2020 do 31 grudnia 2023<\/p>\n<p>&nbsp;<\/p>\n<ul>\n<li><strong>WARTO\u015a\u0106 PROJEKTU<\/strong><\/li>\n<\/ul>\n<p>Bud\u017cet ca\u0142ego projektu wynosi 2 584 712,88 z\u0142, w tym bud\u017cet Politechniki \u015awi\u0119tokrzyskiej 308 333,34 z\u0142.<\/p>\n<p>&nbsp;<\/p>\n<ul>\n<li><strong>KONKURS NA GRANT<\/strong><\/li>\n<\/ul>\n<p><strong>KONKURS NA\u00a0GRANT<\/strong>\u00a0na\u00a0prowadzenie prac przedwdro\u017ceniowych, w\u00a0tym dodatkowych test\u00f3w laboratoryjnych lub dostosowania wynalazku do\u00a0potrzeb zainteresowanego nabywcy, o\u00a0wysokim potencjale komercjalizacyjnym.<\/p>\n<p>&nbsp;<\/p>\n<ul>\n<li><strong>OSOBA DO KONTAKTU<\/strong><\/li>\n<\/ul>\n<p>Justyna Domagalska\u2013 tel. 41 3424471, e-mail: j.domagalska@tu.kielce.pl<\/p>\n<p>&nbsp;<\/p>\n<h3 style=\"text-align: center;\">PIONIER LAB &#8211; LABORATORIUM PREINKUBACJI<\/h3>\n<p>&nbsp;<\/p>\n<ul>\n<li><strong>O PROJEKCIE<\/strong><\/li>\n<\/ul>\n<p>Projekt PIONIER-LAB \u2013 Krajowa Platforma Integracji Infrastruktur Badawczych z Ekosystemami Innowacji zak\u0142ada budow\u0119 nowych, unikalnych laboratori\u00f3w badawczych i wykorzystanie istniej\u0105cej krajowej sieci \u015bwiat\u0142owodowej PIONIER. G\u0142\u00f3wnym za\u0142o\u017ceniem projektu PIONIER-LAB jest udost\u0119pnienie platformy dla jednostek naukowych, przedsi\u0119biorc\u00f3w i innych podmiot\u00f3w zainteresowanych prowadzeniem bada\u0144 naukowych oraz prac rozwojowych. W\u00a0ramach projektu PIONIER-LAB planowane jest utworzenie 8 specjalizowanych laboratori\u00f3w. <strong>O\u015brodek Transferu Technologii Politechniki \u015awi\u0119tokrzyskiej realizuje zadania zwi\u0105zane z budow\u0105 LAB 8 &#8211; Laboratorium Preinkubacji.<\/strong><\/p>\n<p>Projekt finansowany jest ze \u015brodk\u00f3w unijnych, w ramach Programu Operacyjnego Inteligentny Rozw\u00f3j 2014-2020.<\/p>\n<p>&nbsp;<\/p>\n<p>Wi\u0119cej informacji na stronie Projektu: <a href=\"https:\/\/pionier-lab.pionier.net.pl\/\">https:\/\/pionier-lab.pionier.net.pl\/<\/a><\/p>\n<p>&nbsp;<\/p>\n<ul>\n<li><strong>PARTNERZY PROJEKTU<\/strong><\/li>\n<\/ul>\n<p>W sk\u0142ad konsorcjum PIONIER-LAB wchodzi 21 Jednostek Wiod\u0105cych:<\/p>\n<ol>\n<li><a href=\"https:\/\/www.pcss.pl\/\">Instytut Chemii Bioorganicznej Polskiej Akademii Nauk- Pozna\u0144skie Centrum Superkomputerowo-Sieciowe<\/a><\/li>\n<li><a href=\"https:\/\/www.utp.edu.pl\/pl\/\">Uniwersytet Technologiczno-Przyrodniczy im. Jana i J\u0119drzeja \u015aniadeckich w Bydgoszczy<\/a><\/li>\n<li><a href=\"http:\/\/www.cyfronet.krakow.pl\">Akademia G\u00f3rniczo-Hutnicza im. Stanis\u0142awa Staszica Akademickie Centrum Komputerowe Cyfronet<\/a><\/li>\n<li><a href=\"http:\/\/www.iung.pulawy.pl\/\">Instytut Uprawy, Nawo\u017cenia i Gleboznawstwa \u2013 Pa\u0144stwowy Instytut Badawczy<\/a><\/li>\n<li><a href=\"https:\/\/www.umcs.pl\/\">Uniwersytet Marii Curie-Sk\u0142odowskiej w Lublinie<\/a><\/li>\n<li><a href=\"https:\/\/pb.edu.pl\/\">Politechnika Bia\u0142ostocka<\/a><\/li>\n<li><a href=\"https:\/\/www.pcz.pl\/\">Politechnika Cz\u0119stochowska<\/a><\/li>\n<li><a href=\"https:\/\/task.gda.pl\/\">Politechnika Gda\u0144ska CI TASK<\/a><\/li>\n<li><a href=\"https:\/\/www.tu.koszalin.pl\/\">Politechnika Koszali\u0144ska<\/a><\/li>\n<li><a href=\"https:\/\/www.p.lodz.pl\/pl\">Politechnika \u0141\u00f3dzka<\/a><\/li>\n<li><a href=\"https:\/\/www.uniwersytetradom.pl\/\">Uniwersytet Technologiczno-Humanistyczny im. Kazimierza Pu\u0142askiego w Radomiu<\/a><\/li>\n<li><a href=\"https:\/\/w.prz.edu.pl\/\">Politechnika Rzeszowska im. I. \u0141ukasiewicza<\/a><\/li>\n<li><a href=\"https:\/\/www.zut.edu.pl\/\">Zachodniopomorski Uniwersytet Technologiczny w Szczecinie<\/a><\/li>\n<li><a href=\"https:\/\/tu.kielce.pl\/\">Politechnika \u015awi\u0119tokrzyska<\/a><\/li>\n<li><a href=\"https:\/\/pwr.edu.pl\/\">Politechnika Wroc\u0142awska<\/a><\/li>\n<li><a href=\"https:\/\/www.umk.pl\/\">Uniwersytet Miko\u0142aja Kopernika<\/a><\/li>\n<li><a href=\"https:\/\/www.uni.opole.pl\/\">Uniwersytet Opolski<\/a><\/li>\n<li><a href=\"http:\/\/www.uwm.edu.pl\/\">Uniwersytet Warmi\u0144sko-Mazurski w Olsztynie<\/a><\/li>\n<li><a href=\"https:\/\/www.uw.edu.pl\/uniwersytet\/wydzialy-i-jednostki\/jednostki-naukowe-i-dydaktyczne\/interdyscyplinarne-centrum-modelowania-matematycznego-i-komputerowego-icm\/\">Uniwersytet Warszawski Interdyscyplinarne Centrum Modelowania Matematycznego i Komputerowego<\/a><\/li>\n<li><a href=\"https:\/\/www.uz.zgora.pl\/index.php?pl\">Uniwersytet Zielonog\u00f3rski<\/a><\/li>\n<li><a href=\"https:\/\/www.nask.pl\/\">Naukowa i Akademicka Sie\u0107 Komputerowa, Instytut Badawczy<\/a><\/li>\n<\/ol>\n<p>&nbsp;<\/p>\n<ul>\n<li><strong>WARTO\u015a\u0106 PROJEKTU<\/strong><\/li>\n<\/ul>\n<p><strong>\u00a0Ca\u0142kowita warto\u015b\u0107 projektu:<br \/>\n<\/strong>525 691 452,55z\u0142 w tym warto\u015b\u0107 dofinansowania z UE: 305 541 574,00 z\u0142<\/p>\n<p><strong>Warto\u015b\u0107 projektu dla Politechniki \u015awi\u0119tokrzyskiej:<br \/>\n<\/strong>8\u00a0695 934,60 z\u0142 w tym warto\u015b\u0107 dofinansowania z UE: 7\u00a0052\u00a0400,00 z\u0142<\/p>\n<p>&nbsp;<\/p>\n<ul>\n<li><strong>OKRES REALIZACJI<\/strong><\/li>\n<\/ul>\n<p><strong>\u00a0<\/strong>Projekt realizowany jest od 1 stycznia 2018 roku do 31 grudnia 2023<\/p>\n<p>&nbsp;<\/p>\n<ul>\n<li><strong>OSOBA DO KONTAKTU <\/strong><\/li>\n<\/ul>\n<p>Justyna Domagalska\u2013 tel. 41 3424471, e-mail: j.domagalska@tu.kielce.pl<\/p>\n<h3 style=\"text-align: center;\">PANDA 2<\/h3>\n<ul>\n<li><strong>O PROJEKCIE<\/strong><\/li>\n<\/ul>\n<p>Program Narodowego Centrum Bada\u0144 i Rozwoju \u201ePANDA 2\u201d wspiera koszty utrzymania infrastruktury B+R zbudowanej lub przebudowanej w ramach realizacji projekt\u00f3w PO IG dofinansowanych w wysoko\u015bci co najmniej 50 mln z\u0142. Wsparcie finansowe uzyskane przez Politechnik\u0119 \u015awi\u0119tokrzysk\u0105 dotyczy laboratori\u00f3w doposa\u017conych w latach 2009 \u2013 2014 w ramach wsp\u00f3lnego projektu P\u015ak i UJK pt.: \u201eRozw\u00f3j bazy badawczej specjalistycznych laboratori\u00f3w uczelni publicznych regionu \u015bwi\u0119tokrzyskiego\u201d (MOLAB i INZLAB). Dzi\u0119ki ogromnym nak\u0142adom finansowym z funduszy europejskich kompleksowo zmodernizowano 17 laboratori\u00f3w na pi\u0119ciu wydzia\u0142ach Politechniki \u015awi\u0119tokrzyskiej oraz 15 laboratori\u00f3w na Wydziale Matematyczno-Przyrodniczym Uniwersytetu Jana Kochanowskiego.<\/p>\n<p>&nbsp;<\/p>\n<ul>\n<li><strong>ZA\u0141O\u017bENIA PROGRAMU<\/strong><\/li>\n<\/ul>\n<p>Za\u0142o\u017ceniem programu jest premiowanie za uzyskanie przychodu od podmiot\u00f3w zewn\u0119trznych z tytu\u0142u wykorzystywania przez nich infrastruktury B+R. Pozyskane pieni\u0105dze przeznaczane s\u0105 na pokrycie koszt\u00f3w utrzymania infrastruktury badawczej przeznaczonej do prowadzenia bada\u0144 naukowych i prac rozwojowych oraz \u015bwiadczenia us\u0142ug badawczych dla podmiot\u00f3w zewn\u0119trznych.<\/p>\n<p>&nbsp;<\/p>\n<ul>\n<li><strong>OKRES REALIZACJI<\/strong><\/li>\n<\/ul>\n<p>Projekt realizowany jest od 30 czerwca 2016 do 31 grudnia 2022 roku.<\/p>\n<p>&nbsp;<\/p>\n<ul>\n<li><strong>WARTO\u015a\u0106 PROJEKTU<\/strong><\/li>\n<\/ul>\n<p><strong><em>Dofinansowanie 2016\u00a0<\/em><\/strong>: 1 100 779,80 z\u0142 z tego:<\/p>\n<p>UJK 539 382,10 z\u0142 (49%)<\/p>\n<p>P\u015aK 561 397,70 z\u0142 (51%)<\/p>\n<p><strong><em>Dofinansowanie 2017\u00a0<\/em><\/strong>: 823 647,47 z\u0142 z tego:<\/p>\n<p>UJK 403 587, 26 z\u0142 (49%)<\/p>\n<p>P\u015aK 420 060, 21 z\u0142 (51%)<\/p>\n<p><strong><em>Dofinansowanie 2018\u00a0<\/em><\/strong>: 728 055,40 z\u0142 z tego:<\/p>\n<p>UJK 356 747,15 z\u0142 (49%)<\/p>\n<p>P\u015aK 371 308,25 z\u0142 (51%)<\/p>\n<p><strong><em>Dofinansowanie 2019 <\/em><\/strong>: 1\u00a0063\u00a0720,69 z\u0142 z\u0142 z tego:<\/p>\n<p>UJK 521\u00a0223,14 z\u0142 (49%)<\/p>\n<p>P\u015aK 542\u00a0497,55 z\u0142 (51%)<\/p>\n<p>W ka\u017cdym kolejnym roku realizacji projektu, dofinansowanie b\u0119dzie uzale\u017cnione od przychod\u00f3w zwi\u0105zanych z udost\u0119pnianiem posiadanej infrastruktury podmiotom zewn\u0119trznym.<\/p>\n<p><strong><em>Dofinansowanie 2020<\/em><\/strong> : 882 686,08 z\u0142 z tego:<\/p>\n<p>UJK 432 516,18 z\u0142 (49%)<\/p>\n<p>P\u015aK 450 169,90 z\u0142 (51%)<\/p>\n<p>&nbsp;<\/p>\n<ul>\n<li><strong>OSOBA DO KONTAKTU<\/strong><\/li>\n<\/ul>\n<p>Agnieszka Wsz\u0119dyby\u0142 &#8211; tel. 41 3424319, e-mail: a.wszedybyl@tu.kielce.pl<\/p>\n<p>&nbsp;<\/p>\n<h3 style=\"text-align: center;\"><a href=\"https:\/\/ott.tu.kielce.pl\/projekty-zrealizowane\/dih-2\/\" rel=\"attachment wp-att-3180\"><img loading=\"lazy\" decoding=\"async\" class=\"size-medium wp-image-3180 aligncenter\" src=\"https:\/\/ott.tu.kielce.pl\/wp-content\/uploads\/2023\/10\/dih-300x103.png\" alt=\"\" width=\"300\" height=\"103\" srcset=\"https:\/\/ott.tu.kielce.pl\/wp-content\/uploads\/2023\/10\/dih-300x103.png 300w, https:\/\/ott.tu.kielce.pl\/wp-content\/uploads\/2023\/10\/dih.png 472w\" sizes=\"auto, (max-width: 300px) 100vw, 300px\" \/><\/a>Digital Innovation Hub KPT StartUp<\/h3>\n<ul>\n<li><strong>O PROJEKCIE<\/strong><\/li>\n<\/ul>\n<p><strong>\u00a0Nazwa skr\u00f3cona projektu<\/strong>: DIH KPT StartUp<\/p>\n<p><strong>Program<\/strong>: Digital Innovation Hubs Enhanced Learning Programme w ramach HORIZON 2020 (EUC)<\/p>\n<p>&nbsp;<\/p>\n<p>Projekt zakwalifikowany do realizacji w konkursie na zbudowanie Digital Innovation Hub \u2013 konsorcjum wspieraj\u0105cego firmy w procesie cyfryzacji, tj. wprowadzania innowacyjnych rozwi\u0105za\u0144 cyfrowych w tym w obszarze przemys\u0142u 4.0.<\/p>\n<ul>\n<li><strong>LIDER PROJEKTU<\/strong><\/li>\n<\/ul>\n<p>Liderem projektu realizowanego w ramach konsorcjum jest Kielecki Park Technologiczny.<br \/>\nWi\u0119cej informacji na stronie lidera: <a href=\"http:\/\/www.technopark.kielce.pl\/pl\/projekty\/pokaz\/32,digital_innovation_hub_kpt_startup\">http:\/\/www.technopark.kielce.pl\/pl\/projekty\/pokaz\/32,digital_innovation_hub_kpt_startup<\/a><\/p>\n<p><strong>\u00a0<\/strong><\/p>\n<ul>\n<li><strong>PARTNERZY PROJEKTU<\/strong>:<\/li>\n<\/ul>\n<ol>\n<li>Transition Technologies PSC Sp. z o.o.<\/li>\n<li>CABIOMEDE Sp. z o.o.<\/li>\n<li>ELWAS<\/li>\n<li>Satus Starter Sp z o.o.<\/li>\n<li>EMOBIO Sp. z o.o.<\/li>\n<li>Politechnika \u015awi\u0119tokrzyska<\/li>\n<\/ol>\n<ul>\n<li><strong>CEL PROJEKTU<\/strong><\/li>\n<\/ul>\n<p>Celem projektu jest opracowanie jednolitego podej\u015bcia do wspierania firm w d\u0105\u017ceniu do innowacyjno\u015bci w pa\u0144stwach cz\u0142onkowskich UE na poziomie regionalnym, poprzez program coachingu i mentoringu dla tzw. Digital Innovation Hubs (DIH). W ramach wsparcia zapewniany jest coaching w zakresie rozwoju biznesu, zarz\u0105dzania finansami oraz innowacjami, dostarczany zar\u00f3wno w bezpo\u015brednich spotkaniach, jak i zdalnie. Efektem programu b\u0119dzie stworzenie specyficznego dla danego sektora biznesplanu dla DIH\u2019u, wspieraj\u0105cego transformacj\u0119 cyfrow\u0105 firm w regionie.<\/p>\n<ul>\n<li><strong>OKRES REALIZACJI<\/strong><\/li>\n<\/ul>\n<p>Projekt realizowany jest przez 10 miesi\u0119cy (01.03.2019 r. \u2013 31.12.2019 r.) z mo\u017cliwo\u015bci\u0105 jego kontynuacji.<strong>\u00a0<\/strong><\/p>\n<p>&nbsp;<\/p>\n<ul>\n<li><strong>OSOBA DO KONTAKTU<\/strong><\/li>\n<\/ul>\n<p>Anna Depczy\u0144ska \u2013 tel. 41 34 24 319, e-mail: <a href=\"mailto:adepczynska@tu.kielce.pl\">adepczynska@tu.kielce.pl<\/a><\/p>\n<p>&nbsp;<\/p>\n<h3><a href=\"https:\/\/ott.tu.kielce.pl\/ii-logotypy\/\"><img loading=\"lazy\" decoding=\"async\" class=\"size-large wp-image-1913 aligncenter\" src=\"https:\/\/ott.tu.kielce.pl\/wp-content\/uploads\/2019\/11\/II-logotypy-1024x104.png\" alt=\"\" width=\"1024\" height=\"104\" srcset=\"https:\/\/ott.tu.kielce.pl\/wp-content\/uploads\/2019\/11\/II-logotypy-1024x104.png 1024w, https:\/\/ott.tu.kielce.pl\/wp-content\/uploads\/2019\/11\/II-logotypy-300x30.png 300w, https:\/\/ott.tu.kielce.pl\/wp-content\/uploads\/2019\/11\/II-logotypy-768x78.png 768w, https:\/\/ott.tu.kielce.pl\/wp-content\/uploads\/2019\/11\/II-logotypy.png 1127w\" sizes=\"auto, (max-width: 1024px) 100vw, 1024px\" \/><\/a><\/h3>\n<h3 style=\"text-align: center;\">INKUBATOR INNOWACYJNO\u015aCI+<\/h3>\n<hr \/>\n<ul>\n<li><strong>O PROJEKCIE<\/strong><\/li>\n<\/ul>\n<p>Projekt w ramach Programu Ministra Nauki i Szkolnictwa Wy\u017cszego \u201eInkubator Innowacyjno\u015bci+\u201d realizowany jest przez O\u015brodek Transferu Technologii Politechniki \u015awi\u0119tokrzyskiej we wsp\u00f3\u0142pracy z Uniwersyteckim O\u015brodkiem Transferu Technologii Uniwersytetu Warszawskiego, sp\u00f3\u0142k\u0105 celow\u0105 UW oraz sp\u00f3\u0142k\u0105 celow\u0105 Instytutu Fizyki PAN.<\/p>\n<p>&nbsp;<\/p>\n<ul>\n<li><strong> LIDER PROJEKTU<\/strong><\/li>\n<\/ul>\n<p>Liderem projektu realizowanego w ramach konsorcjum jest Uniwersytet Warszawski.<br \/>\nWi\u0119cej informacji na stronie lidera: <a href=\"http:\/\/www.uott.uw.edu.pl\/informacje-o-projekcie\/\">http:\/\/www.uott.uw.edu.pl\/informacje-o-projekcie\/<\/a>\/<\/p>\n<p>&nbsp;<\/p>\n<ul>\n<li><strong>CEL PROJEKTU<\/strong><\/li>\n<\/ul>\n<p>Celem projektu jest wsparcie procesu zarz\u0105dzania wynikami bada\u0144 naukowych i prac rozwojowych, w szczeg\u00f3lno\u015bci w zakresie komercjalizacji. Realizacja przedsi\u0119wzi\u0119cia przyczyni si\u0119 do promocji osi\u0105gni\u0119\u0107 naukowych, zwi\u0119kszenia ich wp\u0142ywu na rozw\u00f3j innowacyjno\u015bci oraz wzmocnienia wsp\u00f3\u0142pracy mi\u0119dzy \u015brodowiskiem naukowym a otoczeniem gospodarczym.<\/p>\n<p>&nbsp;<\/p>\n<ul>\n<li><strong>OKRES REALIZACJI<\/strong><\/li>\n<\/ul>\n<p>Projekt realizowany jest od 7 lutego 2017 do 31 stycznia 2019 roku.<\/p>\n<p>&nbsp;<\/p>\n<ul>\n<li><strong>WARTO\u015a\u0106 PROJEKTU<\/strong><\/li>\n<\/ul>\n<p>Bud\u017cet ca\u0142ego projektu wynosi 3 750 000,00 z\u0142, w tym bud\u017cet Politechniki \u015awi\u0119tokrzyskiej 606 400,00 z\u0142.<\/p>\n<p>&nbsp;<\/p>\n<ul>\n<li><strong>OSOBA DO KONTAKTU<\/strong><\/li>\n<\/ul>\n<p>Justyna Bonar &#8211; tel. 41 3424471, e-mail: jbonar@tu.kielce.pl<\/p>\n<p>&nbsp;<\/p>\n<p>&nbsp;<\/p>\n<h3><span style=\"color: #333333;\"><a style=\"color: #333333;\" href=\"https:\/\/ott.tu.kielce.pl\/wp-content\/uploads\/2019\/04\/IMG_2351.jpg\"><img loading=\"lazy\" decoding=\"async\" class=\"size-large wp-image-1494 aligncenter\" src=\"https:\/\/ott.tu.kielce.pl\/wp-content\/uploads\/2019\/04\/IMG_2351-1024x99.jpg\" alt=\"\" width=\"1024\" height=\"99\" srcset=\"https:\/\/ott.tu.kielce.pl\/wp-content\/uploads\/2019\/04\/IMG_2351-1024x99.jpg 1024w, https:\/\/ott.tu.kielce.pl\/wp-content\/uploads\/2019\/04\/IMG_2351-300x29.jpg 300w, https:\/\/ott.tu.kielce.pl\/wp-content\/uploads\/2019\/04\/IMG_2351-768x74.jpg 768w, https:\/\/ott.tu.kielce.pl\/wp-content\/uploads\/2019\/04\/IMG_2351-1920x185.jpg 1920w\" sizes=\"auto, (max-width: 1024px) 100vw, 1024px\" \/><\/a><\/span><\/h3>\n<h3 style=\"text-align: center;\"><span style=\"color: #333333;\">INKUBATOR INNOWACYJNO\u015aCI 2.0<\/span><\/h3>\n<hr \/>\n<ul>\n<li><span style=\"color: #333333;\"><strong>O PROJEKCIE<\/strong><\/span><\/li>\n<\/ul>\n<p><span style=\"color: #333333;\">Projekt w ramach Programu Ministra Nauki i Szkolnictwa Wy\u017cszego \u201eInkubator Innowacyjno\u015bci 2.0\u201d realizowany jest przez O\u015brodek Transferu Technologii Politechniki \u015awi\u0119tokrzyskiej we wsp\u00f3\u0142pracy z Uniwersyteckim O\u015brodkiem Transferu Technologii Uniwersytetu Warszawskiego, sp\u00f3\u0142k\u0105 celow\u0105 UW oraz sp\u00f3\u0142k\u0105 celow\u0105 Instytutu Fizyki PAN.<\/span><\/p>\n<p><span style=\"color: #333333;\"><a style=\"color: #333333;\" href=\"https:\/\/ott.tu.kielce.pl\/wp-content\/uploads\/2019\/04\/konsorcjum.png\"><img loading=\"lazy\" decoding=\"async\" class=\"size-full wp-image-1496 aligncenter\" src=\"https:\/\/ott.tu.kielce.pl\/wp-content\/uploads\/2019\/04\/konsorcjum.png\" alt=\"\" width=\"406\" height=\"126\" srcset=\"https:\/\/ott.tu.kielce.pl\/wp-content\/uploads\/2019\/04\/konsorcjum.png 406w, https:\/\/ott.tu.kielce.pl\/wp-content\/uploads\/2019\/04\/konsorcjum-300x93.png 300w\" sizes=\"auto, (max-width: 406px) 100vw, 406px\" \/><\/a><\/span><\/p>\n<ul>\n<li><span style=\"color: #333333;\"><strong> LIDER PROJEKTU<\/strong><\/span><\/li>\n<\/ul>\n<p><span style=\"color: #333333;\">Liderem projektu realizowanego w ramach konsorcjum jest Uniwersytet Warszawski.<\/span><br \/>\n<span style=\"color: #333333;\">Wi\u0119cej informacji na stronie lidera: <a style=\"color: #333333;\" href=\"https:\/\/bit.ly\/2ZaRr9w\">https:\/\/bit.ly\/2ZaRr9w<\/a><\/span><\/p>\n<p>&nbsp;<\/p>\n<ul>\n<li><span style=\"color: #333333;\"><strong>CEL PROJEKTU<\/strong><\/span><\/li>\n<\/ul>\n<p><span style=\"color: #333333;\">Celem projektu jest wsparcie procesu zarz\u0105dzania wynikami bada\u0144 naukowych i prac rozwojowych, w szczeg\u00f3lno\u015bci w zakresie komercjalizacji. Realizacja przedsi\u0119wzi\u0119cia przyczyni si\u0119 do promocji osi\u0105gni\u0119\u0107 naukowych, zwi\u0119kszenia ich wp\u0142ywu na rozw\u00f3j innowacyjno\u015bci oraz wzmocnienia wsp\u00f3\u0142pracy mi\u0119dzy \u015brodowiskiem naukowym a otoczeniem gospodarczym.<\/span><\/p>\n<p>&nbsp;<\/p>\n<ul>\n<li><span style=\"color: #333333;\"><strong>OKRES REALIZACJI<\/strong><\/span><\/li>\n<\/ul>\n<p><span style=\"color: #333333;\">Projekt realizowany jest\u00a0 do 31 marca 2020 roku.<\/span><\/p>\n<p>&nbsp;<\/p>\n<ul>\n<li><span style=\"color: #333333;\"><strong>KONKURS NA GRANT <\/strong><\/span><\/li>\n<\/ul>\n<p><span style=\"color: #333333;\"><strong>KONKURS NA\u00a0GRANT<\/strong> na\u00a0prowadzenie prac przedwdro\u017ceniowych, w\u00a0tym dodatkowych test\u00f3w laboratoryjnych lub dostosowania wynalazku do\u00a0potrzeb zainteresowanego nabywcy, o\u00a0wysokim potencjale komercjalizacyjnym.<\/span><\/p>\n<p><span style=\"color: #333333;\"><strong>Regulamin konkursu:<\/strong><\/span><\/p>\n<p><a href=\"https:\/\/ott.tu.kielce.pl\/projekty\/regulamin-uczestnictwa-w-konkursie-na-grant_ii-2-0-2019\/\" rel=\"attachment wp-att-1630\">Regulamin uczestnictwa w KONKURSIE NA GRANT_II 2.0 2019<\/a><\/p>\n<p>&nbsp;<\/p>\n<ul>\n<li><span style=\"color: #333333;\"><strong>DOKUMENTY APLIKACYJNE NA GRANT<\/strong><\/span><\/li>\n<\/ul>\n<p><a href=\"https:\/\/ott.tu.kielce.pl\/projekty\/1_zalacznik_konkurs-na-grant_wniosek_ii-2-0\/\" rel=\"attachment wp-att-1580\">1_za\u0142\u0105cznik_konkurs na grant_wniosek_II 2.0<\/a><\/p>\n<p><a href=\"https:\/\/ott.tu.kielce.pl\/projekty\/2_zalacznik_konkurs-na-grant_prezentacja_ii-2-0\/\" rel=\"attachment wp-att-1581\">2_za\u0142\u0105cznik_konkurs na grant_prezentacja_II 2.0<\/a><\/p>\n<p><a href=\"https:\/\/ott.tu.kielce.pl\/projekty\/3_zalacznik_konkurs-na-grant_raport_ii-2-0\/\" rel=\"attachment wp-att-1582\">3_za\u0142\u0105cznik_konkurs na grant_raport_II 2.0<\/a><\/p>\n<p><a href=\"https:\/\/ott.tu.kielce.pl\/projekty\/obowiazek-informacyjny-rodo-ott-psk-zalacznik-5a\/\" rel=\"attachment wp-att-1636\">5a Obowi\u0105zek informacyjny RODO OTT P\u015ak <\/a><\/p>\n<p><a href=\"https:\/\/ott.tu.kielce.pl\/projekty\/5b_oswiadczenie-rodo_ott\/\" rel=\"attachment wp-att-1633\">5b_O\u015bwiadczenie-RODO_OTT<\/a><\/p>\n<p>&nbsp;<\/p>\n<ul>\n<li><span style=\"color: #333333;\"><strong>OSOBA DO KONTAKTU<\/strong><\/span><\/li>\n<\/ul>\n<p><span style=\"color: #333333;\">Justyna Bonar &#8211; tel. 41 3424471, e-mail: jbonar@tu.kielce.pl<\/span><\/p>\n<p style=\"text-align: left;\"><span style=\"color: #000000;\"><strong>UWAGA! Nab\u00f3r wniosk\u00f3w przed\u0142u\u017cony do 22 maja 2019 r.<\/strong><\/span><span style=\"color: #333333;\"><span style=\"font-size: 1.5rem; line-height: 2.25rem;\">\u00a0\u00a0 \u00a0\u00a0<\/span> <\/span><\/p>\n<p>&nbsp;<\/p>\n","protected":false},"excerpt":{"rendered":"<p>&nbsp; INKUBATOR INNOWACYJNO\u015aCI 4.0 O PROJEKCIE Projekt w ramach Programu Ministra Nauki i Szkolnictwa Wy\u017cszego \u201eInkubator Innowacyjno\u015bci 4.0\u201d realizowany jest przez O\u015brodek Transferu Technologii Politechniki \u015awi\u0119tokrzyskiej we wsp\u00f3\u0142pracy z Uniwersyteckim O\u015brodkiem Transferu Technologii Uniwersytetu Warszawskiego, sp\u00f3\u0142k\u0105 celow\u0105 UW. &nbsp; LIDER PROJEKTU Liderem projektu realizowanego w ramach konsorcjum jest Uniwersytet Warszawski. Wi\u0119cej informacji na stronie lidera:\u00a0http:\/\/www.uott.uw.edu.pl\/informacje-o-projekcie\/\/&hellip; <br \/> <a class=\"read-more\" href=\"https:\/\/ott.tu.kielce.pl\/?page_id=1901\">Dowiedz si\u0119 wi\u0119cej<\/a><\/p>\n","protected":false},"author":3,"featured_media":0,"parent":0,"menu_order":0,"comment_status":"closed","ping_status":"closed","template":"","meta":{"footnotes":""},"class_list":["post-1901","page","type-page","status-publish","hentry"],"_links":{"self":[{"href":"https:\/\/ott.tu.kielce.pl\/index.php?rest_route=\/wp\/v2\/pages\/1901","targetHints":{"allow":["GET"]}}],"collection":[{"href":"https:\/\/ott.tu.kielce.pl\/index.php?rest_route=\/wp\/v2\/pages"}],"about":[{"href":"https:\/\/ott.tu.kielce.pl\/index.php?rest_route=\/wp\/v2\/types\/page"}],"author":[{"embeddable":true,"href":"https:\/\/ott.tu.kielce.pl\/index.php?rest_route=\/wp\/v2\/users\/3"}],"replies":[{"embeddable":true,"href":"https:\/\/ott.tu.kielce.pl\/index.php?rest_route=%2Fwp%2Fv2%2Fcomments&post=1901"}],"version-history":[{"count":11,"href":"https:\/\/ott.tu.kielce.pl\/index.php?rest_route=\/wp\/v2\/pages\/1901\/revisions"}],"predecessor-version":[{"id":3387,"href":"https:\/\/ott.tu.kielce.pl\/index.php?rest_route=\/wp\/v2\/pages\/1901\/revisions\/3387"}],"wp:attachment":[{"href":"https:\/\/ott.tu.kielce.pl\/index.php?rest_route=%2Fwp%2Fv2%2Fmedia&parent=1901"}],"curies":[{"name":"wp","href":"https:\/\/api.w.org\/{rel}","templated":true}]}}