{"id":1898,"date":"2019-11-14T07:32:56","date_gmt":"2019-11-14T06:32:56","guid":{"rendered":"http:\/\/ott.tu.kielce.pl\/?page_id=1898"},"modified":"2026-02-24T09:37:45","modified_gmt":"2026-02-24T08:37:45","slug":"projekty-realizowane","status":"publish","type":"page","link":"https:\/\/ott.tu.kielce.pl\/?page_id=1898","title":{"rendered":"Projekty realizowane"},"content":{"rendered":"<h3><img loading=\"lazy\" decoding=\"async\" class=\" wp-image-3550 aligncenter\" src=\"https:\/\/ott.tu.kielce.pl\/wp-content\/uploads\/2026\/02\/nowe-logo-dih-300x127.png\" alt=\"\" width=\"576\" height=\"244\" srcset=\"https:\/\/ott.tu.kielce.pl\/wp-content\/uploads\/2026\/02\/nowe-logo-dih-300x127.png 300w, https:\/\/ott.tu.kielce.pl\/wp-content\/uploads\/2026\/02\/nowe-logo-dih-1024x432.png 1024w, https:\/\/ott.tu.kielce.pl\/wp-content\/uploads\/2026\/02\/nowe-logo-dih-768x324.png 768w, https:\/\/ott.tu.kielce.pl\/wp-content\/uploads\/2026\/02\/nowe-logo-dih.png 1145w\" sizes=\"auto, (max-width: 576px) 100vw, 576px\" \/><\/h3>\n<ul>\n<li><strong><strong>O PROJEKCIE\u00a0<\/strong><\/strong><\/li>\n<\/ul>\n<p>Projekt <strong>Technopark Kielce Digital Innovation Hub (TKDIH) wsp\u00f3\u0142tworzy jedyny w regionie Europejski Hub Innowacji Cyfrowych (EDIH). <\/strong>Zadaniem EDIH (European Digital Innovation Hubs &#8211; EDIHs) jest wspieranie cyfrowej transformacji przedsi\u0119biorc\u00f3w. Rozwi\u0105zanie ma poprawi\u0107 mi\u0119dzynarodow\u0105 konkurencyjno\u015b\u0107 polskiej gospodarki. S\u0142u\u017cy zwi\u0119kszeniu poziomu produktywno\u015bci poprzez powszechne wykorzystanie technologii cyfrowych do proces\u00f3w biznesowych, wytwarzania produkt\u00f3w<br \/>\ni \u015bwiadczenia us\u0142ug.<\/p>\n<p>Docelowymi Uczestnikami Projektu s\u0105 przedsi\u0119biorcy posiadaj\u0105cy na terenie wojew\u00f3dztwa \u015bwi\u0119tokrzyskiego zarejestrowan\u0105 siedzib\u0119\/oddzia\u0142\/miejsce wykonywania dzia\u0142alno\u015bci gospodarczej, b\u0119d\u0105cy mikro, ma\u0142ymi lub \u015brednimi przedsi\u0119biorcami (M\u015aP), z bran\u017c zgodnych ze specjalizacjami Regionalnej Strategii Innowacji Wojew\u00f3dztwa \u015awi\u0119tokrzyskiego.<\/p>\n<p><a name=\"_Toc136873487\"><\/a>Wsparcie na rzecz Uczestnik\u00f3w w ramach Projektu udzielane b\u0119dzie nieodp\u0142atnie w ramach pomocy publicznej (50%) i pomocy de minimis (50%) na zasadach otwartych, przejrzystych i\u00a0niedyskryminacyjnych.<\/p>\n<ul>\n<li><strong>PARTNERZY PROJEKTU<\/strong>\n<ol>\n<li>Kielecki Park Technologiczny \u2013 LIDER<\/li>\n<li>Politechnika \u015awi\u0119tokrzyska<\/li>\n<li>Fundacja Rozwoju Przemys\u0142u Kielce<\/li>\n<li>\u015awi\u0119tokrzyski Zwi\u0105zek Pracodawc\u00f3w Prywatnych Lewiatan Kielce<\/li>\n<li>EDTECHHUB Sp. z o.o. Lublin<\/li>\n<li>Optibuy Sp. z o.o. Warszawa<\/li>\n<li>ITM Code sp. z o.o. Kielce<\/li>\n<li>Altar Sp. z o.o. Kielce<\/li>\n<li>Infover S.A. Kielce<\/li>\n<li>Cabiomede Sp. z o.o. Kielce<\/li>\n<\/ol>\n<\/li>\n<\/ul>\n<ul>\n<li><strong>CEL PROJEKTU<\/strong><\/li>\n<\/ul>\n<p>Celem projektu jest stworzenie w regionie \u015bwi\u0119tokrzyskim skutecznego i rozpoznawalnego ekosystemu wspieraj\u0105cego procesy cyfryzacji w mikro, ma\u0142ych i \u015brednich przedsi\u0119biorstwach, wsp\u00f3\u0142pracuj\u0105cego z europejsk\u0105 sieci\u0105 o\u015brodk\u00f3w innowacji cyfrowych a w konsekwencji przyspieszenie transformacji cyfrowej i umo\u017cliwienie firmom wykorzystanie pe\u0142nego potencja\u0142u nowoczesnych technologii.<\/p>\n<ul>\n<li><strong>DZIA\u0141ANIA<\/strong><\/li>\n<\/ul>\n<p>Projekt zak\u0142ada realizacj\u0119 przez Politechnik\u0119 \u015awi\u0119tokrzysk\u0105 <strong>20 us\u0142ug rocznie<\/strong> dla przedsi\u0119biorc\u00f3w, w 3\u00a0-letnim cyklu projektu (\u0142\u0105cznie 60 us\u0142ug), w zakresie:<\/p>\n<p>1)\u00a0\u00a0\u00a0\u00a0 brokeringu technologicznego (20 us\u0142ug)<\/p>\n<p>2)\u00a0\u00a0\u00a0\u00a0 opracowania opinii o innowacyjno\u015bci rozwi\u0105zania, opinii technicznej (20 us\u0142ug)<\/p>\n<p>3)\u00a0\u00a0\u00a0\u00a0 us\u0142ugi tzw. &#8222;TEST TO INVEST\u201d &#8211; projektowania, obrazowania i prototypowania produkt\u00f3w z\u00a0zastosowaniem infrastruktury laboratoryjnej Politechniki \u015awi\u0119tokrzyskiej \u2013 wg. potrzeb firm. (20 us\u0142ug)<\/p>\n<p>&nbsp;<\/p>\n<ul>\n<li><strong>OKRES REALIZACJI<\/strong><\/li>\n<\/ul>\n<p>Projekt realizowany jest od 1 stycznia 2023 r. do 30 czerwca 2026 r.<\/p>\n<p>Technopark Kielce Digital Innovation Hub jest wsp\u00f3\u0142finansowany ze \u015brodk\u00f3w pochodz\u0105cych z Komisji Europejskiej w ramach Programu Cyfrowa Europa (Digital Europe) oraz Funduszy Europejskich dla Nowoczesnej Gospodarki na lata 2021-2027 (FENG).<\/p>\n<p>Ca\u0142kowity koszt realizacji projektu: 20 586 775,53 z\u0142<br \/>\nCa\u0142kowita kwota wydatk\u00f3w kwalifikowalnych: 20 441 462,69 z\u0142<br \/>\nCa\u0142kowita kwota dofinansowania: 10 220 731,29 z\u0142<\/p>\n<p>w tym bud\u017cet Politechniki \u015awi\u0119tokrzyskiej:\u00a0 893 857,34 z\u0142<\/p>\n<ul>\n<li><strong>OSOBY DO KONTAKTU<\/strong><\/li>\n<\/ul>\n<p>Anna Depczy\u0144ska \u2013 tel. 41 3424319, e-mail: <a href=\"mailto:adepczy\u0144ska@tu.kielce.pl\">adepczynska@tu.kielce.pl<\/a><\/p>\n<p>Agnieszka Wsz\u0119dyby\u0142 \u2013 tel. 41 3424319, e-mail: <a href=\"mailto:a.wszedybyl@tu.kielce.pl\">a.wszedybyl@tu.kielce.pl<\/a><\/p>\n<p>Wi\u0119cej informacji: <a href=\"https:\/\/dih.technopark.kielce.pl\/pl\/home\">https:\/\/dih.technopark.kielce.pl\/pl\/home<\/a><\/p>\n<div><\/div>\n<div>\n<h4><strong>#FunduszeUE #FunduszeEuropejskie<\/strong><\/h4>\n<\/div>\n","protected":false},"excerpt":{"rendered":"<p>O PROJEKCIE\u00a0 Projekt Technopark Kielce Digital Innovation Hub (TKDIH) wsp\u00f3\u0142tworzy jedyny w regionie Europejski Hub Innowacji Cyfrowych (EDIH). Zadaniem EDIH (European Digital Innovation Hubs &#8211; EDIHs) jest wspieranie cyfrowej transformacji przedsi\u0119biorc\u00f3w. Rozwi\u0105zanie ma poprawi\u0107 mi\u0119dzynarodow\u0105 konkurencyjno\u015b\u0107 polskiej gospodarki. S\u0142u\u017cy zwi\u0119kszeniu poziomu produktywno\u015bci poprzez powszechne wykorzystanie technologii cyfrowych do proces\u00f3w biznesowych, wytwarzania produkt\u00f3w i \u015bwiadczenia us\u0142ug.&hellip; <br \/> <a class=\"read-more\" href=\"https:\/\/ott.tu.kielce.pl\/?page_id=1898\">Dowiedz si\u0119 wi\u0119cej<\/a><\/p>\n","protected":false},"author":3,"featured_media":0,"parent":0,"menu_order":0,"comment_status":"closed","ping_status":"closed","template":"","meta":{"footnotes":""},"class_list":["post-1898","page","type-page","status-publish","hentry"],"_links":{"self":[{"href":"https:\/\/ott.tu.kielce.pl\/index.php?rest_route=\/wp\/v2\/pages\/1898","targetHints":{"allow":["GET"]}}],"collection":[{"href":"https:\/\/ott.tu.kielce.pl\/index.php?rest_route=\/wp\/v2\/pages"}],"about":[{"href":"https:\/\/ott.tu.kielce.pl\/index.php?rest_route=\/wp\/v2\/types\/page"}],"author":[{"embeddable":true,"href":"https:\/\/ott.tu.kielce.pl\/index.php?rest_route=\/wp\/v2\/users\/3"}],"replies":[{"embeddable":true,"href":"https:\/\/ott.tu.kielce.pl\/index.php?rest_route=%2Fwp%2Fv2%2Fcomments&post=1898"}],"version-history":[{"count":37,"href":"https:\/\/ott.tu.kielce.pl\/index.php?rest_route=\/wp\/v2\/pages\/1898\/revisions"}],"predecessor-version":[{"id":3553,"href":"https:\/\/ott.tu.kielce.pl\/index.php?rest_route=\/wp\/v2\/pages\/1898\/revisions\/3553"}],"wp:attachment":[{"href":"https:\/\/ott.tu.kielce.pl\/index.php?rest_route=%2Fwp%2Fv2%2Fmedia&parent=1898"}],"curies":[{"name":"wp","href":"https:\/\/api.w.org\/{rel}","templated":true}]}}