{"id":1457,"date":"2019-03-28T12:29:02","date_gmt":"2019-03-28T11:29:02","guid":{"rendered":"http:\/\/ott.tu.kielce.pl\/?page_id=1457"},"modified":"2024-07-10T12:31:43","modified_gmt":"2024-07-10T10:31:43","slug":"ulga-podatkowa-ip-box","status":"publish","type":"page","link":"https:\/\/ott.tu.kielce.pl\/?page_id=1457","title":{"rendered":"Ulga podatkowa IP Box"},"content":{"rendered":"<p><span style=\"color: #333333;\"><strong>Na czym polega ulga?<\/strong><\/span><\/p>\n<p><span style=\"color: #333333;\">Ulga polega na preferencyjnym opodatkowaniu stawk\u0105 5% dochod\u00f3w z tytu\u0142u komercjalizacji w\u0142asno\u015bci intelektualnej, powsta\u0142ej w wyniku prowadzonej przez podatnika dzia\u0142alno\u015bci badawczo-rozwojowej.<\/span><\/p>\n<p><span style=\"color: #333333;\">IP Box ma stanowi\u0107 zach\u0119t\u0119\u00a0 dla przedsi\u0119biorc\u00f3w do innowacyjno\u015bci samej w sobie oraz do ochrony i komercjalizowania ich pomys\u0142\u00f3w Polsce, zwi\u0119kszenia atrakcyjno\u015bci prowadzenia dzia\u0142alno\u015bci badawczo-rozwojowej.<\/span><\/p>\n<p><span style=\"color: #333333;\">Komercjalizacja w tym przypadku oznacza zar\u00f3wno czerpanie dochod\u00f3w ze sprzeda\u017cy, jak i pobieranie op\u0142at licencyjnych za udost\u0119pnienie swojego produktu lub us\u0142ugi.<\/span><\/p>\n<p><span style=\"color: #333333;\"><strong>Kto mo\u017ce skorzysta\u0107 z nowej ulgi?<\/strong><\/span><\/p>\n<p><span style=\"color: #333333;\">Innovation Box\/IP Box jest skierowana do ka\u017cdego podmiotu osi\u0105gaj\u0105cego dochody z praw w\u0142asno\u015bci intelektualnej obj\u0119tych patentem lub innym prawem ochronnym. Mo\u017ce to by\u0107 zar\u00f3wno du\u017ce przedsi\u0119biorstwo jak i start-up.<\/span><\/p>\n<p><span style=\"color: #333333;\">Z prawa do preferencyjnego opodatkowania b\u0119d\u0105 mogli skorzysta\u0107 podatnicy osi\u0105gaj\u0105cy doch\u00f3d z:<\/span><\/p>\n<ul>\n<li><span style=\"color: #333333;\">op\u0142at lub nale\u017cno\u015bci wynikaj\u0105cych z umowy licencyjnej,<\/span><\/li>\n<li><span style=\"color: #333333;\">sprzeda\u017cy kwalifikowanego prawa w\u0142asno\u015bci intelektualnej,<\/span><\/li>\n<li><span style=\"color: #333333;\">kwalifikowanego prawa w\u0142asno\u015bci intelektualnej uwzgl\u0119dnionego w cenie sprzeda\u017cy produktu lub us\u0142ugi.<\/span><\/li>\n<\/ul>\n<p><span style=\"color: #333333;\">Do skorzystania z preferencyjnej stawki podatkowej wystarczy, aby podatnik by\u0142 wsp\u00f3\u0142w\u0142a\u015bcicielem b\u0105d\u017a u\u017cytkownikiem posiadaj\u0105cym prawa do korzystania z praw w\u0142asno\u015bci intelektualnej na podstawie umowy licencyjnej, nie jest wi\u0119c wymagane, aby podmiot korzystaj\u0105cy z ulgi by\u0142 w\u0142a\u015bcicielem tych praw.<\/span><\/p>\n<p><span style=\"color: #333333;\"><strong>Jakie dochody kwalifikuj\u0105 si\u0119 do IP Box?<\/strong><\/span><\/p>\n<p><span style=\"color: #333333;\">Ulga IP Box ma na celu premiowanie dochod\u00f3w uzyskiwanych z komercjalizacji wytworzonych lub rozwini\u0119tych praw w\u0142asno\u015bci intelektualnej. Do kwalifikowanych praw w\u0142asno\u015bci intelektualnej nale\u017c\u0105:<\/span><\/p>\n<ul>\n<li><span style=\"color: #333333;\">prawo do wynalazku (patenty),<\/span><\/li>\n<li><span style=\"color: #333333;\">prawo ochronne na wz\u00f3r u\u017cytkowy,<\/span><\/li>\n<li><span style=\"color: #333333;\">prawo z rejestracji topografii uk\u0142adu scalonego,<\/span><\/li>\n<li><span style=\"color: #333333;\">dodatkowe prawo ochronne dla patentu na produkt leczniczy lub produkt ochrony ro\u015blin,<\/span><\/li>\n<li><span style=\"color: #333333;\">prawo z rejestracji produktu leczniczego i produktu leczniczego weterynaryjnego dopuszczone do obrotu,<\/span><\/li>\n<li><span style=\"color: #333333;\">autorskie prawo do programu komputerowego,<\/span><\/li>\n<li><span style=\"color: #333333;\">sprzeda\u017cy kwalifikowanego prawa w\u0142asno\u015bci intelektualnej,<\/span><\/li>\n<li><span style=\"color: #333333;\">kwalifikowanego prawa w\u0142asno\u015bci intelektualnej uwzgl\u0119dnionego w cenie sprzeda\u017cy produktu lub us\u0142ugi.<\/span><\/li>\n<\/ul>\n<p><span style=\"color: #333333;\"><strong>Co trzeba zrobi\u0107 \u017ceby skorzysta\u0107 z ulgi IP Box?<\/strong><\/span><\/p>\n<p><span style=\"color: #333333;\">Aby skorzysta\u0107 z ulgi nale\u017cy spe\u0142ni\u0107 nast\u0119puj\u0105ce warunki:<\/span><\/p>\n<ul>\n<li><span style=\"color: #333333;\">dokona\u0107 rejestracji prawa w\u0142asno\u015bci intelektualnej w odpowiednim urz\u0119dzie,<\/span><\/li>\n<li><span style=\"color: #333333;\">wyodr\u0119bni\u0107 w ksi\u0119dze przychod\u00f3w i koszt\u00f3w dla tych praw,<\/span><\/li>\n<li><span style=\"color: #333333;\">wykaza\u0107 wszystkie koszty (nie tylko z danego roku podatkowego) poniesionych na wytworzenie lub nabycie prawa w\u0142asno\u015bci intelektualnej.<\/span><\/li>\n<\/ul>\n<p><span style=\"color: #333333;\">Skutkiem niespe\u0142nienia tych wymog\u00f3w jest konieczno\u015b\u0107 opodatkowania dochod\u00f3w na zasadach og\u00f3lnych.<\/span><\/p>\n<p><span style=\"color: #333333;\"><strong>IP Box a ulga B+R:<br \/>\n<\/strong><\/span><\/p>\n<p><span style=\"color: #333333;\">IP Box nie zast\u0119puje funkcjonuj\u0105cej ju\u017c od kilku lat ulgi badawczo-rozwojowej. Co wi\u0119cej skorzystanie z jednej preferencji nie wyklucza skorzystania z \u00a0drugiej. Odnosz\u0105 si\u0119 one do dw\u00f3ch r\u00f3\u017cnych kategorii: Ulga badawczo-rozwojowa odnosi si\u0119 bowiem do koszt\u00f3w prowadzenia prac badawczo-rozwojowych, natomiast IP Box dotyczy dochod\u00f3w z praw w\u0142asno\u015bci intelektualnej.<\/span><\/p>\n<p><span style=\"color: #333333;\">S\u0105 to zatem odr\u0119bne ulgi, kt\u00f3re mo\u017cna stosowa\u0107 niezale\u017cnie.<\/span><\/p>\n<p><span style=\"color: #333333;\">Ulga badawczo-rozwojowa jest istotniejsza w fazie rozwoju technologii oraz prac nad innowacyjnym produktem, natomiast w okresie czerpania zysk\u00f3w z innowacji wi\u0119ksz\u0105 rol\u0119 b\u0119dzie ogrywa\u0107 preferencyjne opodatkowanie dochodu w ramach IP Box.<\/span><\/p>\n","protected":false},"excerpt":{"rendered":"<p>Na czym polega ulga? Ulga polega na preferencyjnym opodatkowaniu stawk\u0105 5% dochod\u00f3w z tytu\u0142u komercjalizacji w\u0142asno\u015bci intelektualnej, powsta\u0142ej w wyniku prowadzonej przez podatnika dzia\u0142alno\u015bci badawczo-rozwojowej. IP Box ma stanowi\u0107 zach\u0119t\u0119\u00a0 dla przedsi\u0119biorc\u00f3w do innowacyjno\u015bci samej w sobie oraz do ochrony i komercjalizowania ich pomys\u0142\u00f3w Polsce, zwi\u0119kszenia atrakcyjno\u015bci prowadzenia dzia\u0142alno\u015bci badawczo-rozwojowej. Komercjalizacja w tym przypadku oznacza&hellip; <br \/> <a class=\"read-more\" href=\"https:\/\/ott.tu.kielce.pl\/?page_id=1457\">Dowiedz si\u0119 wi\u0119cej<\/a><\/p>\n","protected":false},"author":3,"featured_media":0,"parent":0,"menu_order":0,"comment_status":"closed","ping_status":"closed","template":"","meta":{"footnotes":""},"class_list":["post-1457","page","type-page","status-publish","hentry"],"_links":{"self":[{"href":"https:\/\/ott.tu.kielce.pl\/index.php?rest_route=\/wp\/v2\/pages\/1457","targetHints":{"allow":["GET"]}}],"collection":[{"href":"https:\/\/ott.tu.kielce.pl\/index.php?rest_route=\/wp\/v2\/pages"}],"about":[{"href":"https:\/\/ott.tu.kielce.pl\/index.php?rest_route=\/wp\/v2\/types\/page"}],"author":[{"embeddable":true,"href":"https:\/\/ott.tu.kielce.pl\/index.php?rest_route=\/wp\/v2\/users\/3"}],"replies":[{"embeddable":true,"href":"https:\/\/ott.tu.kielce.pl\/index.php?rest_route=%2Fwp%2Fv2%2Fcomments&post=1457"}],"version-history":[{"count":6,"href":"https:\/\/ott.tu.kielce.pl\/index.php?rest_route=\/wp\/v2\/pages\/1457\/revisions"}],"predecessor-version":[{"id":3356,"href":"https:\/\/ott.tu.kielce.pl\/index.php?rest_route=\/wp\/v2\/pages\/1457\/revisions\/3356"}],"wp:attachment":[{"href":"https:\/\/ott.tu.kielce.pl\/index.php?rest_route=%2Fwp%2Fv2%2Fmedia&parent=1457"}],"curies":[{"name":"wp","href":"https:\/\/api.w.org\/{rel}","templated":true}]}}