{"id":1451,"date":"2019-03-28T12:13:01","date_gmt":"2019-03-28T11:13:01","guid":{"rendered":"http:\/\/ott.tu.kielce.pl\/?page_id=1451"},"modified":"2019-04-11T13:51:24","modified_gmt":"2019-04-11T11:51:24","slug":"ulga-podatkowa-br","status":"publish","type":"page","link":"https:\/\/ott.tu.kielce.pl\/?page_id=1451","title":{"rendered":"Ulga podatkowa B+R"},"content":{"rendered":"<p><span style=\"color: #333333;\">Ulga B+R pozwala na odzyskanie do 19% wydatk\u00f3w poniesionych na dzia\u0142alno\u015b\u0107 badawczo-rozwojow\u0105, w szczeg\u00f3lno\u015bci na wynagrodzenia pracownik\u00f3w i koszty surowc\u00f3w oraz materia\u0142\u00f3w.<\/span><\/p>\n<p><span style=\"color: #333333;\">Ulga badawczo-rozwojowa (ulga B+R) umo\u017cliwia przedsi\u0119biorcom prowadz\u0105cym dzia\u0142alno\u015b\u0107 nastawion\u0105 na innowacyjno\u015b\u0107, skorzystanie z dodatkowego odliczenia i efektywne obni\u017cenie kwoty podatku do zap\u0142aty \u2013 zar\u00f3wno w PIT jak i CIT.<\/span><\/p>\n<p><span style=\"color: #333333;\"><strong>Kto mo\u017ce skorzysta\u0107 z ulgi B+R?<\/strong><\/span><\/p>\n<p><span style=\"color: #333333;\">W celu skorzystania z ulgi wystarczy prowadzi\u0107 dzia\u0142alno\u015b\u0107 rozwojow\u0105, nie trzeba prowadzi\u0107 bada\u0144 naukowych, nie trzeba posiada\u0107 statusu centrum badawczo-rozwojowego, ani nie trzeba wsp\u00f3\u0142pracowa\u0107 z jednostkami naukowymi.<\/span><\/p>\n<p><span style=\"color: #333333;\">Z ulgi mog\u0105 skorzysta\u0107 wszyscy podatnicy, bez wzgl\u0119du na wielko\u015b\u0107 przedsi\u0119biorstwa i bran\u017c\u0119, w kt\u00f3rej dzia\u0142aj\u0105.<\/span><\/p>\n<p><span style=\"color: #333333;\">Mo\u017cliwe jest obj\u0119cie ulg\u0105 tak\u017ce projekt\u00f3w b\u0119d\u0105cych ju\u017c w toku, rozpocz\u0119tych w poprzednich latach, w ramach kt\u00f3rych wydatki ponoszone s\u0105 na bie\u017c\u0105co. Wynik prowadzonych prac badawczo-rozwojowych nie wp\u0142ywa na prawo do skorzystania z ulgi, tj. projekt nie musi zosta\u0107 zako\u0144czony sukcesem aby podatnik mia\u0142 prawo do skorzystania z przedmiotowej ulgi.<\/span><\/p>\n","protected":false},"excerpt":{"rendered":"<p>Ulga B+R pozwala na odzyskanie do 19% wydatk\u00f3w poniesionych na dzia\u0142alno\u015b\u0107 badawczo-rozwojow\u0105, w szczeg\u00f3lno\u015bci na wynagrodzenia pracownik\u00f3w i koszty surowc\u00f3w oraz materia\u0142\u00f3w. Ulga badawczo-rozwojowa (ulga B+R) umo\u017cliwia przedsi\u0119biorcom prowadz\u0105cym dzia\u0142alno\u015b\u0107 nastawion\u0105 na innowacyjno\u015b\u0107, skorzystanie z dodatkowego odliczenia i efektywne obni\u017cenie kwoty podatku do zap\u0142aty \u2013 zar\u00f3wno w PIT jak i CIT. Kto mo\u017ce skorzysta\u0107 z&hellip; <br \/> <a class=\"read-more\" href=\"https:\/\/ott.tu.kielce.pl\/?page_id=1451\">Dowiedz si\u0119 wi\u0119cej<\/a><\/p>\n","protected":false},"author":3,"featured_media":0,"parent":0,"menu_order":0,"comment_status":"closed","ping_status":"closed","template":"","meta":{"footnotes":""},"class_list":["post-1451","page","type-page","status-publish","hentry"],"_links":{"self":[{"href":"https:\/\/ott.tu.kielce.pl\/index.php?rest_route=\/wp\/v2\/pages\/1451","targetHints":{"allow":["GET"]}}],"collection":[{"href":"https:\/\/ott.tu.kielce.pl\/index.php?rest_route=\/wp\/v2\/pages"}],"about":[{"href":"https:\/\/ott.tu.kielce.pl\/index.php?rest_route=\/wp\/v2\/types\/page"}],"author":[{"embeddable":true,"href":"https:\/\/ott.tu.kielce.pl\/index.php?rest_route=\/wp\/v2\/users\/3"}],"replies":[{"embeddable":true,"href":"https:\/\/ott.tu.kielce.pl\/index.php?rest_route=%2Fwp%2Fv2%2Fcomments&post=1451"}],"version-history":[{"count":5,"href":"https:\/\/ott.tu.kielce.pl\/index.php?rest_route=\/wp\/v2\/pages\/1451\/revisions"}],"predecessor-version":[{"id":1548,"href":"https:\/\/ott.tu.kielce.pl\/index.php?rest_route=\/wp\/v2\/pages\/1451\/revisions\/1548"}],"wp:attachment":[{"href":"https:\/\/ott.tu.kielce.pl\/index.php?rest_route=%2Fwp%2Fv2%2Fmedia&parent=1451"}],"curies":[{"name":"wp","href":"https:\/\/api.w.org\/{rel}","templated":true}]}}