{"id":1445,"date":"2019-03-28T11:51:42","date_gmt":"2019-03-28T10:51:42","guid":{"rendered":"http:\/\/ott.tu.kielce.pl\/?page_id=1445"},"modified":"2024-07-24T09:53:11","modified_gmt":"2024-07-24T07:53:11","slug":"wsparcie-finansowe","status":"publish","type":"page","link":"https:\/\/ott.tu.kielce.pl\/?page_id=1445","title":{"rendered":"Wsparcie finansowe"},"content":{"rendered":"<p>Aktualne nabory w ramach projekt\u00f3w B+R dost\u0119pne s\u0105 na stronie:<\/p>\n<p><a href=\"https:\/\/tu.kielce.pl\/start\/pracownicy\/dzial-projektow-badawczo-rozwojowych\/\">https:\/\/tu.kielce.pl\/start\/pracownicy\/dzial-projektow-badawczo-rozwojowych\/<\/a><\/p>\n","protected":false},"excerpt":{"rendered":"<p>Aktualne nabory w ramach projekt\u00f3w B+R dost\u0119pne s\u0105 na stronie: https:\/\/tu.kielce.pl\/start\/pracownicy\/dzial-projektow-badawczo-rozwojowych\/<\/p>\n","protected":false},"author":3,"featured_media":0,"parent":0,"menu_order":0,"comment_status":"closed","ping_status":"closed","template":"","meta":{"footnotes":""},"class_list":["post-1445","page","type-page","status-publish","hentry"],"_links":{"self":[{"href":"https:\/\/ott.tu.kielce.pl\/index.php?rest_route=\/wp\/v2\/pages\/1445","targetHints":{"allow":["GET"]}}],"collection":[{"href":"https:\/\/ott.tu.kielce.pl\/index.php?rest_route=\/wp\/v2\/pages"}],"about":[{"href":"https:\/\/ott.tu.kielce.pl\/index.php?rest_route=\/wp\/v2\/types\/page"}],"author":[{"embeddable":true,"href":"https:\/\/ott.tu.kielce.pl\/index.php?rest_route=\/wp\/v2\/users\/3"}],"replies":[{"embeddable":true,"href":"https:\/\/ott.tu.kielce.pl\/index.php?rest_route=%2Fwp%2Fv2%2Fcomments&post=1445"}],"version-history":[{"count":3,"href":"https:\/\/ott.tu.kielce.pl\/index.php?rest_route=\/wp\/v2\/pages\/1445\/revisions"}],"predecessor-version":[{"id":3388,"href":"https:\/\/ott.tu.kielce.pl\/index.php?rest_route=\/wp\/v2\/pages\/1445\/revisions\/3388"}],"wp:attachment":[{"href":"https:\/\/ott.tu.kielce.pl\/index.php?rest_route=%2Fwp%2Fv2%2Fmedia&parent=1445"}],"curies":[{"name":"wp","href":"https:\/\/api.w.org\/{rel}","templated":true}]}}